{"id":26,"date":"2024-01-15T15:55:11","date_gmt":"2024-01-15T18:55:11","guid":{"rendered":"https:\/\/fullmixestudios.com.br\/en\/?page_id=26"},"modified":"2024-08-19T08:57:26","modified_gmt":"2024-08-19T11:57:26","slug":"servicos","status":"publish","type":"page","link":"https:\/\/fullmixestudios.com.br\/pt\/servicos\/","title":{"rendered":"Servi\u00e7os"},"content":{"rendered":"\n<p><strong>Feito \u00e9 melhor que perfeito?<\/strong><br>Independente do desafio, oferecemos uma solu\u00e7\u00e3o completa. E n\u00e3o estamos falando s\u00f3 de or\u00e7amento, e sim de tudo o que abrange uma entrega perfeita. Sem perfeccionismo.<br>O que pode parecer um paradoxo \u00e9 o que nos move: cada projeto que passa pela FullMix \u00e9 tratado com dedica\u00e7\u00e3o absoluta para ficar, como se dizia em latim, per fectus: feito completamente.<\/p>\n\n\n\n<p><strong>Mas saiba, a gente fala a sua l\u00edngua<\/strong><br>Fazemos tudo para valorizar as cria\u00e7\u00f5es com as quais nos envolvemos, com respeito absoluto ao cronograma e or\u00e7amento de cada produ\u00e7\u00e3o, seja qual for seu tamanho ou localiza\u00e7\u00e3o.<br>Afinal, n\u00e3o basta cumprir prazos: \u00e9 imprescind\u00edvel atender expectativas.<br><strong>Tudo para criar um conjunto de sons em completo equil\u00edbrio com sua produ\u00e7\u00e3o.<\/strong><\/p>\n","protected":false},"excerpt":{"rendered":"<div class='media-object__quote_2 grey mt-15'><p>Feito \u00e9 melhor que perfeito?Independente do desafio, oferecemos uma solu\u00e7\u00e3o completa. E n\u00e3o estamos falando s\u00f3 de or\u00e7amento, e sim de tudo o que abrange uma entrega perfeita. Sem perfeccionismo.O que pode parecer um paradoxo \u00e9 o que nos move: cada projeto que passa pela FullMix \u00e9 tratado com dedica\u00e7\u00e3o absoluta para ficar, como se [&hellip;]<\/p>\n<\/div>","protected":false},"author":1,"featured_media":0,"parent":0,"menu_order":0,"comment_status":"closed","ping_status":"closed","template":"page-servicos.php","meta":{"footnotes":""},"yoast_head":"<!-- This site is optimized with the Yoast SEO plugin v21.8 - https:\/\/yoast.com\/wordpress\/plugins\/seo\/ -->\n<title>Servi\u00e7os - Fullmix<\/title>\n<meta name=\"robots\" content=\"noindex, follow, max-snippet:-1, max-image-preview:large, max-video-preview:-1\" \/>\n<meta property=\"og:locale\" content=\"pt_BR\" \/>\n<meta property=\"og:locale:alternate\" content=\"en_US\" \/>\n<meta property=\"og:locale:alternate\" content=\"es_ES\" \/>\n<meta property=\"og:type\" content=\"article\" \/>\n<meta property=\"og:title\" content=\"Servi\u00e7os\" \/>\n<meta property=\"og:description\" content=\"Feito \u00e9 melhor que perfeito?Independente do desafio, oferecemos uma solu\u00e7\u00e3o completa. E n\u00e3o estamos falando s\u00f3 de or\u00e7amento, e sim de tudo o que abrange uma entrega perfeita. Sem perfeccionismo.O que pode parecer um paradoxo \u00e9 o que nos move: cada projeto que passa pela FullMix \u00e9 tratado com dedica\u00e7\u00e3o absoluta para ficar, como se [&hellip;]\" \/>\n<meta property=\"og:url\" content=\"https:\/\/fullmixestudios.com.br\/pt\/servicos\/\" \/>\n<meta property=\"og:site_name\" content=\"Fullmix\" \/>\n<meta property=\"article:modified_time\" content=\"2024-08-19T11:57:26+00:00\" \/>\n<meta name=\"twitter:card\" content=\"summary_large_image\" \/>\n<meta name=\"twitter:label1\" content=\"Est. reading time\" \/>\n\t<meta name=\"twitter:data1\" content=\"2 minutos\" \/>\n<script type=\"application\/ld+json\" class=\"yoast-schema-graph\">{\"@context\":\"https:\/\/schema.org\",\"@graph\":[{\"@type\":\"WebPage\",\"@id\":\"https:\/\/fullmixestudios.com.br\/pt\/servicos\/\",\"url\":\"https:\/\/fullmixestudios.com.br\/pt\/servicos\/\",\"name\":\"Servi\u00e7os\",\"isPartOf\":{\"@id\":\"https:\/\/fullmixestudios.com.br\/#website\"},\"datePublished\":\"2024-01-15T18:55:11+00:00\",\"dateModified\":\"2024-08-19T11:57:26+00:00\",\"inLanguage\":\"pt-BR\",\"potentialAction\":[{\"@type\":\"ReadAction\",\"target\":[\"https:\/\/fullmixestudios.com.br\/pt\/servicos\/\"]}]},{\"@type\":\"WebSite\",\"@id\":\"https:\/\/fullmixestudios.com.br\/#website\",\"url\":\"https:\/\/fullmixestudios.com.br\/\",\"name\":\"Fullmix\",\"description\":\"Mixagem de filmes e s\u00e9ries. Supervis\u00e3o de som. Mixagem de m\u00fasica. Estrutura\",\"publisher\":{\"@id\":\"https:\/\/fullmixestudios.com.br\/#organization\"},\"potentialAction\":[{\"@type\":\"SearchAction\",\"target\":{\"@type\":\"EntryPoint\",\"urlTemplate\":\"https:\/\/fullmixestudios.com.br\/?s={search_term_string}\"},\"query-input\":\"required name=search_term_string\"}],\"inLanguage\":\"pt-BR\"},{\"@type\":\"Organization\",\"@id\":\"https:\/\/fullmixestudios.com.br\/#organization\",\"name\":\"Fullmix\",\"url\":\"https:\/\/fullmixestudios.com.br\/\",\"logo\":{\"@type\":\"ImageObject\",\"inLanguage\":\"pt-BR\",\"@id\":\"https:\/\/fullmixestudios.com.br\/#\/schema\/logo\/image\/\",\"url\":\"https:\/\/fullmixestudios.com.br\/app\/uploads\/2024\/01\/logo-fullmix-symbol.svg\",\"contentUrl\":\"https:\/\/fullmixestudios.com.br\/app\/uploads\/2024\/01\/logo-fullmix-symbol.svg\",\"caption\":\"Fullmix\"},\"image\":{\"@id\":\"https:\/\/fullmixestudios.com.br\/#\/schema\/logo\/image\/\"}}]}<\/script>\n<!-- \/ Yoast SEO plugin. -->","yoast_head_json":{"title":"Servi\u00e7os - Fullmix","robots":{"index":"noindex","follow":"follow","max-snippet":"max-snippet:-1","max-image-preview":"max-image-preview:large","max-video-preview":"max-video-preview:-1"},"og_locale":"pt_BR","og_type":"article","og_title":"[:en]Services[:pt]Servi\u00e7os[:es]Servicios[:] - Fullmix","og_description":"Feito \u00e9 melhor que perfeito?Independente do desafio, oferecemos uma solu\u00e7\u00e3o completa. E n\u00e3o estamos falando s\u00f3 de or\u00e7amento, e sim de tudo o que abrange uma entrega perfeita. Sem perfeccionismo.O que pode parecer um paradoxo \u00e9 o que nos move: cada projeto que passa pela FullMix \u00e9 tratado com dedica\u00e7\u00e3o absoluta para ficar, como se [&hellip;]","og_url":"https:\/\/fullmixestudios.com.br\/pt\/servicos\/","og_site_name":"Fullmix","article_modified_time":"2024-08-19T11:57:26+00:00","twitter_card":"summary_large_image","twitter_misc":{"Est. reading time":"2 minutos"},"schema":{"@context":"https:\/\/schema.org","@graph":[{"@type":"WebPage","@id":"https:\/\/fullmixestudios.com.br\/pt\/servicos\/","url":"https:\/\/fullmixestudios.com.br\/pt\/servicos\/","name":"Servi\u00e7os","isPartOf":{"@id":"https:\/\/fullmixestudios.com.br\/#website"},"datePublished":"2024-01-15T18:55:11+00:00","dateModified":"2024-08-19T11:57:26+00:00","inLanguage":"pt-BR","potentialAction":[{"@type":"ReadAction","target":["https:\/\/fullmixestudios.com.br\/pt\/servicos\/"]}]},{"@type":"WebSite","@id":"https:\/\/fullmixestudios.com.br\/#website","url":"https:\/\/fullmixestudios.com.br\/","name":"Fullmix","description":"Mixagem de filmes e s\u00e9ries. Supervis\u00e3o de som. Mixagem de m\u00fasica. Estrutura","publisher":{"@id":"https:\/\/fullmixestudios.com.br\/#organization"},"potentialAction":[{"@type":"SearchAction","target":{"@type":"EntryPoint","urlTemplate":"https:\/\/fullmixestudios.com.br\/?s={search_term_string}"},"query-input":"required name=search_term_string"}],"inLanguage":"pt-BR"},{"@type":"Organization","@id":"https:\/\/fullmixestudios.com.br\/#organization","name":"Fullmix","url":"https:\/\/fullmixestudios.com.br\/","logo":{"@type":"ImageObject","inLanguage":"pt-BR","@id":"https:\/\/fullmixestudios.com.br\/#\/schema\/logo\/image\/","url":"https:\/\/fullmixestudios.com.br\/app\/uploads\/2024\/01\/logo-fullmix-symbol.svg","contentUrl":"https:\/\/fullmixestudios.com.br\/app\/uploads\/2024\/01\/logo-fullmix-symbol.svg","caption":"Fullmix"},"image":{"@id":"https:\/\/fullmixestudios.com.br\/#\/schema\/logo\/image\/"}}]}},"acf":[],"_links":{"self":[{"href":"https:\/\/fullmixestudios.com.br\/pt\/wp-json\/wp\/v2\/pages\/26"}],"collection":[{"href":"https:\/\/fullmixestudios.com.br\/pt\/wp-json\/wp\/v2\/pages"}],"about":[{"href":"https:\/\/fullmixestudios.com.br\/pt\/wp-json\/wp\/v2\/types\/page"}],"author":[{"embeddable":true,"href":"https:\/\/fullmixestudios.com.br\/pt\/wp-json\/wp\/v2\/users\/1"}],"replies":[{"embeddable":true,"href":"https:\/\/fullmixestudios.com.br\/pt\/wp-json\/wp\/v2\/comments?post=26"}],"version-history":[{"count":9,"href":"https:\/\/fullmixestudios.com.br\/pt\/wp-json\/wp\/v2\/pages\/26\/revisions"}],"predecessor-version":[{"id":138,"href":"https:\/\/fullmixestudios.com.br\/pt\/wp-json\/wp\/v2\/pages\/26\/revisions\/138"}],"wp:attachment":[{"href":"https:\/\/fullmixestudios.com.br\/pt\/wp-json\/wp\/v2\/media?parent=26"}],"curies":[{"name":"wp","href":"https:\/\/api.w.org\/{rel}","templated":true}]}}