{"id":21,"date":"2024-01-15T15:49:59","date_gmt":"2024-01-15T18:49:59","guid":{"rendered":"https:\/\/fullmixestudios.com.br\/en\/?page_id=21"},"modified":"2024-08-20T11:54:44","modified_gmt":"2024-08-20T14:54:44","slug":"equipe","status":"publish","type":"page","link":"https:\/\/fullmixestudios.com.br\/pt\/equipe\/","title":{"rendered":"Equipe"},"content":{"rendered":"\n<p><strong>Gente de m\u00e3o cheia<\/strong>s.<br>Profissionais escolhidos a dedo, com grande habilidade naquilo que fazem.<br>Sim, somos completamente apaixonados pela nossa equipe que, por sua vez, \u00e9 absolutamente fascinada pelo seu of\u00edcio. Mas paix\u00e3o n\u00e3o vai longe sem bagagem: cada um aqui tem longa experi\u00eancia e total comprometimento com a integridade de cada um dos projetos em que se envolve.<\/p>\n","protected":false},"excerpt":{"rendered":"<div class='media-object__quote_2 grey mt-15'><p>Gente de m\u00e3o cheias.Profissionais escolhidos a dedo, com grande habilidade naquilo que fazem.Sim, somos completamente apaixonados pela nossa equipe que, por sua vez, \u00e9 absolutamente fascinada pelo seu of\u00edcio. Mas paix\u00e3o n\u00e3o vai longe sem bagagem: cada um aqui tem longa experi\u00eancia e total comprometimento com a integridade de cada um dos projetos em que [&hellip;]<\/p>\n<\/div>","protected":false},"author":1,"featured_media":0,"parent":0,"menu_order":0,"comment_status":"closed","ping_status":"closed","template":"page-equipe.php","meta":{"footnotes":""},"yoast_head":"<!-- This site is optimized with the Yoast SEO plugin v21.8 - https:\/\/yoast.com\/wordpress\/plugins\/seo\/ -->\n<title>Equipe - Fullmix<\/title>\n<meta name=\"robots\" content=\"noindex, follow, max-snippet:-1, max-image-preview:large, max-video-preview:-1\" \/>\n<meta property=\"og:locale\" content=\"pt_BR\" \/>\n<meta property=\"og:locale:alternate\" content=\"en_US\" \/>\n<meta property=\"og:locale:alternate\" content=\"es_ES\" \/>\n<meta property=\"og:type\" content=\"article\" \/>\n<meta property=\"og:title\" content=\"Equipe\" \/>\n<meta property=\"og:description\" content=\"Gente de m\u00e3o cheias.Profissionais escolhidos a dedo, com grande habilidade naquilo que fazem.Sim, somos completamente apaixonados pela nossa equipe que, por sua vez, \u00e9 absolutamente fascinada pelo seu of\u00edcio. Mas paix\u00e3o n\u00e3o vai longe sem bagagem: cada um aqui tem longa experi\u00eancia e total comprometimento com a integridade de cada um dos projetos em que [&hellip;]\" \/>\n<meta property=\"og:url\" content=\"https:\/\/fullmixestudios.com.br\/pt\/equipe\/\" \/>\n<meta property=\"og:site_name\" content=\"Fullmix\" \/>\n<meta property=\"article:modified_time\" content=\"2024-08-20T14:54:44+00:00\" \/>\n<meta name=\"twitter:card\" content=\"summary_large_image\" \/>\n<meta name=\"twitter:label1\" content=\"Est. reading time\" \/>\n\t<meta name=\"twitter:data1\" content=\"1 minuto\" \/>\n<script type=\"application\/ld+json\" class=\"yoast-schema-graph\">{\"@context\":\"https:\/\/schema.org\",\"@graph\":[{\"@type\":\"WebPage\",\"@id\":\"https:\/\/fullmixestudios.com.br\/pt\/equipe\/\",\"url\":\"https:\/\/fullmixestudios.com.br\/pt\/equipe\/\",\"name\":\"Equipe\",\"isPartOf\":{\"@id\":\"https:\/\/fullmixestudios.com.br\/#website\"},\"datePublished\":\"2024-01-15T18:49:59+00:00\",\"dateModified\":\"2024-08-20T14:54:44+00:00\",\"inLanguage\":\"pt-BR\",\"potentialAction\":[{\"@type\":\"ReadAction\",\"target\":[\"https:\/\/fullmixestudios.com.br\/pt\/equipe\/\"]}]},{\"@type\":\"WebSite\",\"@id\":\"https:\/\/fullmixestudios.com.br\/#website\",\"url\":\"https:\/\/fullmixestudios.com.br\/\",\"name\":\"Fullmix\",\"description\":\"Mixagem de filmes e s\u00e9ries. Supervis\u00e3o de som. Mixagem de m\u00fasica. Estrutura\",\"publisher\":{\"@id\":\"https:\/\/fullmixestudios.com.br\/#organization\"},\"potentialAction\":[{\"@type\":\"SearchAction\",\"target\":{\"@type\":\"EntryPoint\",\"urlTemplate\":\"https:\/\/fullmixestudios.com.br\/?s={search_term_string}\"},\"query-input\":\"required name=search_term_string\"}],\"inLanguage\":\"pt-BR\"},{\"@type\":\"Organization\",\"@id\":\"https:\/\/fullmixestudios.com.br\/#organization\",\"name\":\"Fullmix\",\"url\":\"https:\/\/fullmixestudios.com.br\/\",\"logo\":{\"@type\":\"ImageObject\",\"inLanguage\":\"pt-BR\",\"@id\":\"https:\/\/fullmixestudios.com.br\/#\/schema\/logo\/image\/\",\"url\":\"https:\/\/fullmixestudios.com.br\/app\/uploads\/2024\/01\/logo-fullmix-symbol.svg\",\"contentUrl\":\"https:\/\/fullmixestudios.com.br\/app\/uploads\/2024\/01\/logo-fullmix-symbol.svg\",\"caption\":\"Fullmix\"},\"image\":{\"@id\":\"https:\/\/fullmixestudios.com.br\/#\/schema\/logo\/image\/\"}}]}<\/script>\n<!-- \/ Yoast SEO plugin. -->","yoast_head_json":{"title":"Equipe - Fullmix","robots":{"index":"noindex","follow":"follow","max-snippet":"max-snippet:-1","max-image-preview":"max-image-preview:large","max-video-preview":"max-video-preview:-1"},"og_locale":"pt_BR","og_type":"article","og_title":"[:en]Team[:pt]Equipe[:es]Equipo[:] - Fullmix","og_description":"Gente de m\u00e3o cheias.Profissionais escolhidos a dedo, com grande habilidade naquilo que fazem.Sim, somos completamente apaixonados pela nossa equipe que, por sua vez, \u00e9 absolutamente fascinada pelo seu of\u00edcio. Mas paix\u00e3o n\u00e3o vai longe sem bagagem: cada um aqui tem longa experi\u00eancia e total comprometimento com a integridade de cada um dos projetos em que [&hellip;]","og_url":"https:\/\/fullmixestudios.com.br\/pt\/equipe\/","og_site_name":"Fullmix","article_modified_time":"2024-08-20T14:54:44+00:00","twitter_card":"summary_large_image","twitter_misc":{"Est. reading time":"1 minuto"},"schema":{"@context":"https:\/\/schema.org","@graph":[{"@type":"WebPage","@id":"https:\/\/fullmixestudios.com.br\/pt\/equipe\/","url":"https:\/\/fullmixestudios.com.br\/pt\/equipe\/","name":"Equipe","isPartOf":{"@id":"https:\/\/fullmixestudios.com.br\/#website"},"datePublished":"2024-01-15T18:49:59+00:00","dateModified":"2024-08-20T14:54:44+00:00","inLanguage":"pt-BR","potentialAction":[{"@type":"ReadAction","target":["https:\/\/fullmixestudios.com.br\/pt\/equipe\/"]}]},{"@type":"WebSite","@id":"https:\/\/fullmixestudios.com.br\/#website","url":"https:\/\/fullmixestudios.com.br\/","name":"Fullmix","description":"Mixagem de filmes e s\u00e9ries. Supervis\u00e3o de som. Mixagem de m\u00fasica. Estrutura","publisher":{"@id":"https:\/\/fullmixestudios.com.br\/#organization"},"potentialAction":[{"@type":"SearchAction","target":{"@type":"EntryPoint","urlTemplate":"https:\/\/fullmixestudios.com.br\/?s={search_term_string}"},"query-input":"required name=search_term_string"}],"inLanguage":"pt-BR"},{"@type":"Organization","@id":"https:\/\/fullmixestudios.com.br\/#organization","name":"Fullmix","url":"https:\/\/fullmixestudios.com.br\/","logo":{"@type":"ImageObject","inLanguage":"pt-BR","@id":"https:\/\/fullmixestudios.com.br\/#\/schema\/logo\/image\/","url":"https:\/\/fullmixestudios.com.br\/app\/uploads\/2024\/01\/logo-fullmix-symbol.svg","contentUrl":"https:\/\/fullmixestudios.com.br\/app\/uploads\/2024\/01\/logo-fullmix-symbol.svg","caption":"Fullmix"},"image":{"@id":"https:\/\/fullmixestudios.com.br\/#\/schema\/logo\/image\/"}}]}},"acf":[],"_links":{"self":[{"href":"https:\/\/fullmixestudios.com.br\/pt\/wp-json\/wp\/v2\/pages\/21"}],"collection":[{"href":"https:\/\/fullmixestudios.com.br\/pt\/wp-json\/wp\/v2\/pages"}],"about":[{"href":"https:\/\/fullmixestudios.com.br\/pt\/wp-json\/wp\/v2\/types\/page"}],"author":[{"embeddable":true,"href":"https:\/\/fullmixestudios.com.br\/pt\/wp-json\/wp\/v2\/users\/1"}],"replies":[{"embeddable":true,"href":"https:\/\/fullmixestudios.com.br\/pt\/wp-json\/wp\/v2\/comments?post=21"}],"version-history":[{"count":8,"href":"https:\/\/fullmixestudios.com.br\/pt\/wp-json\/wp\/v2\/pages\/21\/revisions"}],"predecessor-version":[{"id":179,"href":"https:\/\/fullmixestudios.com.br\/pt\/wp-json\/wp\/v2\/pages\/21\/revisions\/179"}],"wp:attachment":[{"href":"https:\/\/fullmixestudios.com.br\/pt\/wp-json\/wp\/v2\/media?parent=21"}],"curies":[{"name":"wp","href":"https:\/\/api.w.org\/{rel}","templated":true}]}}