{"id":15,"date":"2024-01-15T10:19:30","date_gmt":"2024-01-15T13:19:30","guid":{"rendered":"https:\/\/fullmixestudios.com.br\/?page_id=15"},"modified":"2024-08-20T10:05:23","modified_gmt":"2024-08-20T13:05:23","slug":"historia","status":"publish","type":"page","link":"https:\/\/fullmixestudios.com.br\/pt\/historia\/","title":{"rendered":"Hist\u00f3ria"},"content":{"rendered":"\n<p><strong>FullMix. Como o pr\u00f3prio nome diz, mixagem completa.<\/strong><br>Mas pode ser mixagem plena. Ou ainda ampla, inteira, total. Importante \u00e9 saber que aqui a gente se entrega de corpo e alma para realizar mixagens com m\u00e1xima qualidade t\u00e9cnica e uma intensa paix\u00e3o envolvida.<\/p>\n\n\n\n<p><strong>Uma hist\u00f3ria cheia de sucessos<\/strong><br>S\u00e3o mais de 100 longas de grandes diretores brasileiros, diversas s\u00e9ries consagradas na TV, al\u00e9m da mixagem de trilhas musicais para produ\u00e7\u00f5es internacionais.<br>A FullMix foi fundada em 2012, por Armando Torres Jr., que come\u00e7ou sua carreira em 2001 e mixou grande parte dos filmes de seu portf\u00f3lio nos Est\u00fadios \u00c1lamo e tamb\u00e9m nos Est\u00fadios Mega.<br>Foram muitas conquistas e diversos pr\u00eamios importantes \u2013 que n\u00e3o cabe colocar aqui, mas que vale registrar, pelo reconhecimento alcan\u00e7ado \u2013 at\u00e9 que chegou a hora de ir ainda mais longe.<\/p>\n\n\n\n<p><strong>E uma estrada inteira pela frente<\/strong><br>Desde 2021 a FullMix est\u00e1 sediada em um edif\u00edcio pr\u00f3prio, independente, com est\u00fadios de \u00faltima gera\u00e7\u00e3o e totalmente equipada para atender os mercados mais exigentes, em qualquer lugar do mundo, com m\u00e1xima qualidade t\u00e9cnica e art\u00edstica.<\/p>\n","protected":false},"excerpt":{"rendered":"<div class='media-object__quote_2 grey mt-15'><p>FullMix. Como o pr\u00f3prio nome diz, mixagem completa.Mas pode ser mixagem plena. Ou ainda ampla, inteira, total. Importante \u00e9 saber que aqui a gente se entrega de corpo e alma para realizar mixagens com m\u00e1xima qualidade t\u00e9cnica e uma intensa paix\u00e3o envolvida. Uma hist\u00f3ria cheia de sucessosS\u00e3o mais de 100 longas de grandes diretores brasileiros, [&hellip;]<\/p>\n<\/div>","protected":false},"author":1,"featured_media":0,"parent":0,"menu_order":0,"comment_status":"closed","ping_status":"closed","template":"","meta":{"footnotes":""},"yoast_head":"<!-- This site is optimized with the Yoast SEO plugin v21.8 - https:\/\/yoast.com\/wordpress\/plugins\/seo\/ -->\n<title>Hist\u00f3ria - Fullmix<\/title>\n<meta name=\"robots\" content=\"noindex, follow, max-snippet:-1, max-image-preview:large, max-video-preview:-1\" \/>\n<meta property=\"og:locale\" content=\"pt_BR\" \/>\n<meta property=\"og:locale:alternate\" content=\"en_US\" \/>\n<meta property=\"og:locale:alternate\" content=\"es_ES\" \/>\n<meta property=\"og:type\" content=\"article\" \/>\n<meta property=\"og:title\" content=\"Hist\u00f3ria\" \/>\n<meta property=\"og:description\" content=\"FullMix. Como o pr\u00f3prio nome diz, mixagem completa.Mas pode ser mixagem plena. Ou ainda ampla, inteira, total. Importante \u00e9 saber que aqui a gente se entrega de corpo e alma para realizar mixagens com m\u00e1xima qualidade t\u00e9cnica e uma intensa paix\u00e3o envolvida. Uma hist\u00f3ria cheia de sucessosS\u00e3o mais de 100 longas de grandes diretores brasileiros, [&hellip;]\" \/>\n<meta property=\"og:url\" content=\"https:\/\/fullmixestudios.com.br\/pt\/historia\/\" \/>\n<meta property=\"og:site_name\" content=\"Fullmix\" \/>\n<meta property=\"article:modified_time\" content=\"2024-08-20T13:05:23+00:00\" \/>\n<meta name=\"twitter:card\" content=\"summary_large_image\" \/>\n<meta name=\"twitter:label1\" content=\"Est. reading time\" \/>\n\t<meta name=\"twitter:data1\" content=\"1 minuto\" \/>\n<script type=\"application\/ld+json\" class=\"yoast-schema-graph\">{\"@context\":\"https:\/\/schema.org\",\"@graph\":[{\"@type\":\"WebPage\",\"@id\":\"https:\/\/fullmixestudios.com.br\/en\/historia\/\",\"url\":\"https:\/\/fullmixestudios.com.br\/en\/historia\/\",\"name\":\"Hist\u00f3ria\",\"isPartOf\":{\"@id\":\"https:\/\/fullmixestudios.com.br\/#website\"},\"datePublished\":\"2024-01-15T13:19:30+00:00\",\"dateModified\":\"2024-08-20T13:05:23+00:00\",\"inLanguage\":\"pt-BR\",\"potentialAction\":[{\"@type\":\"ReadAction\",\"target\":[\"https:\/\/fullmixestudios.com.br\/en\/historia\/\"]}]},{\"@type\":\"WebSite\",\"@id\":\"https:\/\/fullmixestudios.com.br\/#website\",\"url\":\"https:\/\/fullmixestudios.com.br\/\",\"name\":\"Fullmix\",\"description\":\"Mixagem de filmes e s\u00e9ries. Supervis\u00e3o de som. Mixagem de m\u00fasica. Estrutura\",\"publisher\":{\"@id\":\"https:\/\/fullmixestudios.com.br\/#organization\"},\"potentialAction\":[{\"@type\":\"SearchAction\",\"target\":{\"@type\":\"EntryPoint\",\"urlTemplate\":\"https:\/\/fullmixestudios.com.br\/?s={search_term_string}\"},\"query-input\":\"required name=search_term_string\"}],\"inLanguage\":\"pt-BR\"},{\"@type\":\"Organization\",\"@id\":\"https:\/\/fullmixestudios.com.br\/#organization\",\"name\":\"Fullmix\",\"url\":\"https:\/\/fullmixestudios.com.br\/\",\"logo\":{\"@type\":\"ImageObject\",\"inLanguage\":\"pt-BR\",\"@id\":\"https:\/\/fullmixestudios.com.br\/#\/schema\/logo\/image\/\",\"url\":\"https:\/\/fullmixestudios.com.br\/app\/uploads\/2024\/01\/logo-fullmix-symbol.svg\",\"contentUrl\":\"https:\/\/fullmixestudios.com.br\/app\/uploads\/2024\/01\/logo-fullmix-symbol.svg\",\"caption\":\"Fullmix\"},\"image\":{\"@id\":\"https:\/\/fullmixestudios.com.br\/#\/schema\/logo\/image\/\"}}]}<\/script>\n<!-- \/ Yoast SEO plugin. -->","yoast_head_json":{"title":"Hist\u00f3ria - Fullmix","robots":{"index":"noindex","follow":"follow","max-snippet":"max-snippet:-1","max-image-preview":"max-image-preview:large","max-video-preview":"max-video-preview:-1"},"og_locale":"pt_BR","og_type":"article","og_title":"[:en]History[:pt]Hist\u00f3ria[:es]Historia[:] - Fullmix","og_description":"FullMix. Como o pr\u00f3prio nome diz, mixagem completa.Mas pode ser mixagem plena. Ou ainda ampla, inteira, total. Importante \u00e9 saber que aqui a gente se entrega de corpo e alma para realizar mixagens com m\u00e1xima qualidade t\u00e9cnica e uma intensa paix\u00e3o envolvida. Uma hist\u00f3ria cheia de sucessosS\u00e3o mais de 100 longas de grandes diretores brasileiros, [&hellip;]","og_url":"https:\/\/fullmixestudios.com.br\/pt\/historia\/","og_site_name":"Fullmix","article_modified_time":"2024-08-20T13:05:23+00:00","twitter_card":"summary_large_image","twitter_misc":{"Est. reading time":"1 minuto"},"schema":{"@context":"https:\/\/schema.org","@graph":[{"@type":"WebPage","@id":"https:\/\/fullmixestudios.com.br\/en\/historia\/","url":"https:\/\/fullmixestudios.com.br\/en\/historia\/","name":"Hist\u00f3ria","isPartOf":{"@id":"https:\/\/fullmixestudios.com.br\/#website"},"datePublished":"2024-01-15T13:19:30+00:00","dateModified":"2024-08-20T13:05:23+00:00","inLanguage":"pt-BR","potentialAction":[{"@type":"ReadAction","target":["https:\/\/fullmixestudios.com.br\/en\/historia\/"]}]},{"@type":"WebSite","@id":"https:\/\/fullmixestudios.com.br\/#website","url":"https:\/\/fullmixestudios.com.br\/","name":"Fullmix","description":"Mixagem de filmes e s\u00e9ries. Supervis\u00e3o de som. Mixagem de m\u00fasica. Estrutura","publisher":{"@id":"https:\/\/fullmixestudios.com.br\/#organization"},"potentialAction":[{"@type":"SearchAction","target":{"@type":"EntryPoint","urlTemplate":"https:\/\/fullmixestudios.com.br\/?s={search_term_string}"},"query-input":"required name=search_term_string"}],"inLanguage":"pt-BR"},{"@type":"Organization","@id":"https:\/\/fullmixestudios.com.br\/#organization","name":"Fullmix","url":"https:\/\/fullmixestudios.com.br\/","logo":{"@type":"ImageObject","inLanguage":"pt-BR","@id":"https:\/\/fullmixestudios.com.br\/#\/schema\/logo\/image\/","url":"https:\/\/fullmixestudios.com.br\/app\/uploads\/2024\/01\/logo-fullmix-symbol.svg","contentUrl":"https:\/\/fullmixestudios.com.br\/app\/uploads\/2024\/01\/logo-fullmix-symbol.svg","caption":"Fullmix"},"image":{"@id":"https:\/\/fullmixestudios.com.br\/#\/schema\/logo\/image\/"}}]}},"acf":[],"_links":{"self":[{"href":"https:\/\/fullmixestudios.com.br\/pt\/wp-json\/wp\/v2\/pages\/15"}],"collection":[{"href":"https:\/\/fullmixestudios.com.br\/pt\/wp-json\/wp\/v2\/pages"}],"about":[{"href":"https:\/\/fullmixestudios.com.br\/pt\/wp-json\/wp\/v2\/types\/page"}],"author":[{"embeddable":true,"href":"https:\/\/fullmixestudios.com.br\/pt\/wp-json\/wp\/v2\/users\/1"}],"replies":[{"embeddable":true,"href":"https:\/\/fullmixestudios.com.br\/pt\/wp-json\/wp\/v2\/comments?post=15"}],"version-history":[{"count":11,"href":"https:\/\/fullmixestudios.com.br\/pt\/wp-json\/wp\/v2\/pages\/15\/revisions"}],"predecessor-version":[{"id":175,"href":"https:\/\/fullmixestudios.com.br\/pt\/wp-json\/wp\/v2\/pages\/15\/revisions\/175"}],"wp:attachment":[{"href":"https:\/\/fullmixestudios.com.br\/pt\/wp-json\/wp\/v2\/media?parent=15"}],"curies":[{"name":"wp","href":"https:\/\/api.w.org\/{rel}","templated":true}]}}