{"id":26,"date":"2024-01-15T15:55:11","date_gmt":"2024-01-15T18:55:11","guid":{"rendered":"https:\/\/fullmixestudios.com.br\/en\/?page_id=26"},"modified":"2024-08-19T08:57:26","modified_gmt":"2024-08-19T11:57:26","slug":"servicos","status":"publish","type":"page","link":"https:\/\/fullmixestudios.com.br\/es\/servicos\/","title":{"rendered":"Servicios"},"content":{"rendered":"\n<p><strong>\u00bfHecho es mejor que perfecto?<\/strong><br>Sea cual sea el reto, ofrecemos una soluci\u00f3n completa. Y no nos referimos \u00fanicamente al presupuesto, sino a todo lo que abarca una entrega perfecta. Sin perfeccionismos.\u00a0<br>Lo que puede parecer una paradoja es lo que nos mueve: cada proyecto que pasa por FullMix es tratado con absoluta dedicaci\u00f3n para quedar, como se dice en lat\u00edn, per fectus: completamente hecho.<\/p>\n\n\n\n<p><strong>Pero sepa, hablamos su idioma<\/strong><br>Hacemos todo lo posible por realzar las creaciones en las que participamos, con absoluto respeto por el cronograma y el presupuesto de cada producci\u00f3n, sea cual sea su tama\u00f1o o ubicaci\u00f3n.<br>Al final, no basta con cumplir los plazos: es esencial satisfacer las expectativas.<br><strong>Todo para crear un conjunto de sonidos en completo equilibrio con su producci\u00f3n.<\/strong><\/p>\n","protected":false},"excerpt":{"rendered":"<div class='media-object__quote_2 grey mt-15'><p>\u00bfHecho es mejor que perfecto?Sea cual sea el reto, ofrecemos una soluci\u00f3n completa. Y no nos referimos \u00fanicamente al presupuesto, sino a todo lo que abarca una entrega perfecta. Sin perfeccionismos.\u00a0Lo que puede parecer una paradoja es lo que nos mueve: cada proyecto que pasa por FullMix es tratado con absoluta dedicaci\u00f3n para quedar, como [&hellip;]<\/p>\n<\/div>","protected":false},"author":1,"featured_media":0,"parent":0,"menu_order":0,"comment_status":"closed","ping_status":"closed","template":"page-servicos.php","meta":{"footnotes":""},"yoast_head":"<!-- This site is optimized with the Yoast SEO plugin v21.8 - https:\/\/yoast.com\/wordpress\/plugins\/seo\/ -->\n<title>Servicios - Fullmix<\/title>\n<meta name=\"robots\" content=\"noindex, follow, max-snippet:-1, max-image-preview:large, max-video-preview:-1\" \/>\n<meta property=\"og:locale\" content=\"es_ES\" \/>\n<meta property=\"og:locale:alternate\" content=\"en_US\" \/>\n<meta property=\"og:locale:alternate\" content=\"pt_BR\" \/>\n<meta property=\"og:type\" content=\"article\" \/>\n<meta property=\"og:title\" content=\"Servicios\" \/>\n<meta property=\"og:description\" content=\"\u00bfHecho es mejor que perfecto?Sea cual sea el reto, ofrecemos una soluci\u00f3n completa. Y no nos referimos \u00fanicamente al presupuesto, sino a todo lo que abarca una entrega perfecta. Sin perfeccionismos.\u00a0Lo que puede parecer una paradoja es lo que nos mueve: cada proyecto que pasa por FullMix es tratado con absoluta dedicaci\u00f3n para quedar, como [&hellip;]\" \/>\n<meta property=\"og:url\" content=\"https:\/\/fullmixestudios.com.br\/es\/servicos\/\" \/>\n<meta property=\"og:site_name\" content=\"Fullmix\" \/>\n<meta property=\"article:modified_time\" content=\"2024-08-19T11:57:26+00:00\" \/>\n<meta name=\"twitter:card\" content=\"summary_large_image\" \/>\n<meta name=\"twitter:label1\" content=\"Est. reading time\" \/>\n\t<meta name=\"twitter:data1\" content=\"2 minutos\" \/>\n<script type=\"application\/ld+json\" class=\"yoast-schema-graph\">{\"@context\":\"https:\/\/schema.org\",\"@graph\":[{\"@type\":\"WebPage\",\"@id\":\"https:\/\/fullmixestudios.com.br\/pt\/servicos\/\",\"url\":\"https:\/\/fullmixestudios.com.br\/pt\/servicos\/\",\"name\":\"Servicios\",\"isPartOf\":{\"@id\":\"https:\/\/fullmixestudios.com.br\/#website\"},\"datePublished\":\"2024-01-15T18:55:11+00:00\",\"dateModified\":\"2024-08-19T11:57:26+00:00\",\"inLanguage\":\"es-ES\",\"potentialAction\":[{\"@type\":\"ReadAction\",\"target\":[\"https:\/\/fullmixestudios.com.br\/pt\/servicos\/\"]}]},{\"@type\":\"WebSite\",\"@id\":\"https:\/\/fullmixestudios.com.br\/#website\",\"url\":\"https:\/\/fullmixestudios.com.br\/\",\"name\":\"Fullmix\",\"description\":\"Mixagem de filmes e s\u00e9ries. Supervis\u00e3o de som. Mixagem de m\u00fasica. Est\u00fadios\",\"publisher\":{\"@id\":\"https:\/\/fullmixestudios.com.br\/#organization\"},\"potentialAction\":[{\"@type\":\"SearchAction\",\"target\":{\"@type\":\"EntryPoint\",\"urlTemplate\":\"https:\/\/fullmixestudios.com.br\/?s={search_term_string}\"},\"query-input\":\"required name=search_term_string\"}],\"inLanguage\":\"es-ES\"},{\"@type\":\"Organization\",\"@id\":\"https:\/\/fullmixestudios.com.br\/#organization\",\"name\":\"Fullmix\",\"url\":\"https:\/\/fullmixestudios.com.br\/\",\"logo\":{\"@type\":\"ImageObject\",\"inLanguage\":\"es-ES\",\"@id\":\"https:\/\/fullmixestudios.com.br\/#\/schema\/logo\/image\/\",\"url\":\"https:\/\/fullmixestudios.com.br\/app\/uploads\/2024\/01\/logo-fullmix-symbol.svg\",\"contentUrl\":\"https:\/\/fullmixestudios.com.br\/app\/uploads\/2024\/01\/logo-fullmix-symbol.svg\",\"caption\":\"Fullmix\"},\"image\":{\"@id\":\"https:\/\/fullmixestudios.com.br\/#\/schema\/logo\/image\/\"}}]}<\/script>\n<!-- \/ Yoast SEO plugin. -->","yoast_head_json":{"title":"Servicios - Fullmix","robots":{"index":"noindex","follow":"follow","max-snippet":"max-snippet:-1","max-image-preview":"max-image-preview:large","max-video-preview":"max-video-preview:-1"},"og_locale":"es_ES","og_type":"article","og_title":"[:en]Services[:pt]Servi\u00e7os[:es]Servicios[:] - Fullmix","og_description":"\u00bfHecho es mejor que perfecto?Sea cual sea el reto, ofrecemos una soluci\u00f3n completa. Y no nos referimos \u00fanicamente al presupuesto, sino a todo lo que abarca una entrega perfecta. Sin perfeccionismos.\u00a0Lo que puede parecer una paradoja es lo que nos mueve: cada proyecto que pasa por FullMix es tratado con absoluta dedicaci\u00f3n para quedar, como [&hellip;]","og_url":"https:\/\/fullmixestudios.com.br\/es\/servicos\/","og_site_name":"Fullmix","article_modified_time":"2024-08-19T11:57:26+00:00","twitter_card":"summary_large_image","twitter_misc":{"Est. reading time":"2 minutos"},"schema":{"@context":"https:\/\/schema.org","@graph":[{"@type":"WebPage","@id":"https:\/\/fullmixestudios.com.br\/pt\/servicos\/","url":"https:\/\/fullmixestudios.com.br\/pt\/servicos\/","name":"Servicios","isPartOf":{"@id":"https:\/\/fullmixestudios.com.br\/#website"},"datePublished":"2024-01-15T18:55:11+00:00","dateModified":"2024-08-19T11:57:26+00:00","inLanguage":"es-ES","potentialAction":[{"@type":"ReadAction","target":["https:\/\/fullmixestudios.com.br\/pt\/servicos\/"]}]},{"@type":"WebSite","@id":"https:\/\/fullmixestudios.com.br\/#website","url":"https:\/\/fullmixestudios.com.br\/","name":"Fullmix","description":"Mixagem de filmes e s\u00e9ries. Supervis\u00e3o de som. Mixagem de m\u00fasica. Est\u00fadios","publisher":{"@id":"https:\/\/fullmixestudios.com.br\/#organization"},"potentialAction":[{"@type":"SearchAction","target":{"@type":"EntryPoint","urlTemplate":"https:\/\/fullmixestudios.com.br\/?s={search_term_string}"},"query-input":"required name=search_term_string"}],"inLanguage":"es-ES"},{"@type":"Organization","@id":"https:\/\/fullmixestudios.com.br\/#organization","name":"Fullmix","url":"https:\/\/fullmixestudios.com.br\/","logo":{"@type":"ImageObject","inLanguage":"es-ES","@id":"https:\/\/fullmixestudios.com.br\/#\/schema\/logo\/image\/","url":"https:\/\/fullmixestudios.com.br\/app\/uploads\/2024\/01\/logo-fullmix-symbol.svg","contentUrl":"https:\/\/fullmixestudios.com.br\/app\/uploads\/2024\/01\/logo-fullmix-symbol.svg","caption":"Fullmix"},"image":{"@id":"https:\/\/fullmixestudios.com.br\/#\/schema\/logo\/image\/"}}]}},"acf":[],"_links":{"self":[{"href":"https:\/\/fullmixestudios.com.br\/es\/wp-json\/wp\/v2\/pages\/26"}],"collection":[{"href":"https:\/\/fullmixestudios.com.br\/es\/wp-json\/wp\/v2\/pages"}],"about":[{"href":"https:\/\/fullmixestudios.com.br\/es\/wp-json\/wp\/v2\/types\/page"}],"author":[{"embeddable":true,"href":"https:\/\/fullmixestudios.com.br\/es\/wp-json\/wp\/v2\/users\/1"}],"replies":[{"embeddable":true,"href":"https:\/\/fullmixestudios.com.br\/es\/wp-json\/wp\/v2\/comments?post=26"}],"version-history":[{"count":9,"href":"https:\/\/fullmixestudios.com.br\/es\/wp-json\/wp\/v2\/pages\/26\/revisions"}],"predecessor-version":[{"id":138,"href":"https:\/\/fullmixestudios.com.br\/es\/wp-json\/wp\/v2\/pages\/26\/revisions\/138"}],"wp:attachment":[{"href":"https:\/\/fullmixestudios.com.br\/es\/wp-json\/wp\/v2\/media?parent=26"}],"curies":[{"name":"wp","href":"https:\/\/api.w.org\/{rel}","templated":true}]}}