{"id":15,"date":"2024-01-15T10:19:30","date_gmt":"2024-01-15T13:19:30","guid":{"rendered":"https:\/\/fullmixestudios.com.br\/?page_id=15"},"modified":"2024-08-20T10:05:23","modified_gmt":"2024-08-20T13:05:23","slug":"historia","status":"publish","type":"page","link":"https:\/\/fullmixestudios.com.br\/es\/historia\/","title":{"rendered":"Historia"},"content":{"rendered":"\n<p><strong>FullMix. Como su nombre indica, mezcla completa.<\/strong><br>Pero puede ser una mezcla plena. O incluso amplia, entera, total. Lo importante es saber que aqu\u00ed nos entregamos en cuerpo y alma a realizar mezclas con la m\u00e1xima calidad t\u00e9cnica y una intensa pasi\u00f3n envuelta.<\/p>\n\n\n\n<p><strong>Una historia llena de \u00e9xitos<\/strong><br>Son m\u00e1s de 100 largometrajes de grandes directores brasile\u00f1os, varias series de televisi\u00f3n aclamadas, adem\u00e1s de la mezcla de bandas musicales para producciones internacionales.<br>FullMix fue fundada en 2012 por Armando Torres Jr, que comenz\u00f3 su carrera en 2001 y mezcl\u00f3 la mayor\u00eda de las pel\u00edculas de su portafolio en Est\u00fadios \u00c1lamo y tambi\u00e9n en Est\u00fadios Mega.<br>Fueron muchos los logros y varios premios importantes -que si bien no cabe mencionar aqu\u00ed, pero vale dejar registrado, por el reconocimiento alcanzado- hasta que lleg\u00f3 el momento de ir m\u00e1s all\u00e1.<\/p>\n\n\n\n<p><strong>Todo un camino por delante<\/strong><br>Desde 2021, FullMix tiene su sede en un edificio propio e independiente, con estudios de \u00faltima generaci\u00f3n y totalmente equipados para atender a los mercados m\u00e1s exigentes, en cualquier parte del mundo, con la m\u00e1xima calidad t\u00e9cnica y art\u00edstica.<\/p>\n","protected":false},"excerpt":{"rendered":"<div class='media-object__quote_2 grey mt-15'><p>FullMix. Como su nombre indica, mezcla completa.Pero puede ser una mezcla plena. O incluso amplia, entera, total. Lo importante es saber que aqu\u00ed nos entregamos en cuerpo y alma a realizar mezclas con la m\u00e1xima calidad t\u00e9cnica y una intensa pasi\u00f3n envuelta. Una historia llena de \u00e9xitosSon m\u00e1s de 100 largometrajes de grandes directores brasile\u00f1os, [&hellip;]<\/p>\n<\/div>","protected":false},"author":1,"featured_media":0,"parent":0,"menu_order":0,"comment_status":"closed","ping_status":"closed","template":"","meta":{"footnotes":""},"yoast_head":"<!-- This site is optimized with the Yoast SEO plugin v21.8 - https:\/\/yoast.com\/wordpress\/plugins\/seo\/ -->\n<title>Historia - Fullmix<\/title>\n<meta name=\"robots\" content=\"noindex, follow, max-snippet:-1, max-image-preview:large, max-video-preview:-1\" \/>\n<meta property=\"og:locale\" content=\"es_ES\" \/>\n<meta property=\"og:locale:alternate\" content=\"en_US\" \/>\n<meta property=\"og:locale:alternate\" content=\"pt_BR\" \/>\n<meta property=\"og:type\" content=\"article\" \/>\n<meta property=\"og:title\" content=\"Historia\" \/>\n<meta property=\"og:description\" content=\"FullMix. Como su nombre indica, mezcla completa.Pero puede ser una mezcla plena. O incluso amplia, entera, total. Lo importante es saber que aqu\u00ed nos entregamos en cuerpo y alma a realizar mezclas con la m\u00e1xima calidad t\u00e9cnica y una intensa pasi\u00f3n envuelta. Una historia llena de \u00e9xitosSon m\u00e1s de 100 largometrajes de grandes directores brasile\u00f1os, [&hellip;]\" \/>\n<meta property=\"og:url\" content=\"https:\/\/fullmixestudios.com.br\/es\/historia\/\" \/>\n<meta property=\"og:site_name\" content=\"Fullmix\" \/>\n<meta property=\"article:modified_time\" content=\"2024-08-20T13:05:23+00:00\" \/>\n<meta name=\"twitter:card\" content=\"summary_large_image\" \/>\n<meta name=\"twitter:label1\" content=\"Est. reading time\" \/>\n\t<meta name=\"twitter:data1\" content=\"1 minuto\" \/>\n<script type=\"application\/ld+json\" class=\"yoast-schema-graph\">{\"@context\":\"https:\/\/schema.org\",\"@graph\":[{\"@type\":\"WebPage\",\"@id\":\"https:\/\/fullmixestudios.com.br\/en\/historia\/\",\"url\":\"https:\/\/fullmixestudios.com.br\/en\/historia\/\",\"name\":\"Historia\",\"isPartOf\":{\"@id\":\"https:\/\/fullmixestudios.com.br\/#website\"},\"datePublished\":\"2024-01-15T13:19:30+00:00\",\"dateModified\":\"2024-08-20T13:05:23+00:00\",\"inLanguage\":\"es-ES\",\"potentialAction\":[{\"@type\":\"ReadAction\",\"target\":[\"https:\/\/fullmixestudios.com.br\/en\/historia\/\"]}]},{\"@type\":\"WebSite\",\"@id\":\"https:\/\/fullmixestudios.com.br\/#website\",\"url\":\"https:\/\/fullmixestudios.com.br\/\",\"name\":\"Fullmix\",\"description\":\"Mixagem de filmes e s\u00e9ries. Supervis\u00e3o de som. Mixagem de m\u00fasica. Est\u00fadios\",\"publisher\":{\"@id\":\"https:\/\/fullmixestudios.com.br\/#organization\"},\"potentialAction\":[{\"@type\":\"SearchAction\",\"target\":{\"@type\":\"EntryPoint\",\"urlTemplate\":\"https:\/\/fullmixestudios.com.br\/?s={search_term_string}\"},\"query-input\":\"required name=search_term_string\"}],\"inLanguage\":\"es-ES\"},{\"@type\":\"Organization\",\"@id\":\"https:\/\/fullmixestudios.com.br\/#organization\",\"name\":\"Fullmix\",\"url\":\"https:\/\/fullmixestudios.com.br\/\",\"logo\":{\"@type\":\"ImageObject\",\"inLanguage\":\"es-ES\",\"@id\":\"https:\/\/fullmixestudios.com.br\/#\/schema\/logo\/image\/\",\"url\":\"https:\/\/fullmixestudios.com.br\/app\/uploads\/2024\/01\/logo-fullmix-symbol.svg\",\"contentUrl\":\"https:\/\/fullmixestudios.com.br\/app\/uploads\/2024\/01\/logo-fullmix-symbol.svg\",\"caption\":\"Fullmix\"},\"image\":{\"@id\":\"https:\/\/fullmixestudios.com.br\/#\/schema\/logo\/image\/\"}}]}<\/script>\n<!-- \/ Yoast SEO plugin. -->","yoast_head_json":{"title":"Historia - Fullmix","robots":{"index":"noindex","follow":"follow","max-snippet":"max-snippet:-1","max-image-preview":"max-image-preview:large","max-video-preview":"max-video-preview:-1"},"og_locale":"es_ES","og_type":"article","og_title":"[:en]History[:pt]Hist\u00f3ria[:es]Historia[:] - Fullmix","og_description":"FullMix. Como su nombre indica, mezcla completa.Pero puede ser una mezcla plena. O incluso amplia, entera, total. Lo importante es saber que aqu\u00ed nos entregamos en cuerpo y alma a realizar mezclas con la m\u00e1xima calidad t\u00e9cnica y una intensa pasi\u00f3n envuelta. Una historia llena de \u00e9xitosSon m\u00e1s de 100 largometrajes de grandes directores brasile\u00f1os, [&hellip;]","og_url":"https:\/\/fullmixestudios.com.br\/es\/historia\/","og_site_name":"Fullmix","article_modified_time":"2024-08-20T13:05:23+00:00","twitter_card":"summary_large_image","twitter_misc":{"Est. reading time":"1 minuto"},"schema":{"@context":"https:\/\/schema.org","@graph":[{"@type":"WebPage","@id":"https:\/\/fullmixestudios.com.br\/en\/historia\/","url":"https:\/\/fullmixestudios.com.br\/en\/historia\/","name":"Historia","isPartOf":{"@id":"https:\/\/fullmixestudios.com.br\/#website"},"datePublished":"2024-01-15T13:19:30+00:00","dateModified":"2024-08-20T13:05:23+00:00","inLanguage":"es-ES","potentialAction":[{"@type":"ReadAction","target":["https:\/\/fullmixestudios.com.br\/en\/historia\/"]}]},{"@type":"WebSite","@id":"https:\/\/fullmixestudios.com.br\/#website","url":"https:\/\/fullmixestudios.com.br\/","name":"Fullmix","description":"Mixagem de filmes e s\u00e9ries. Supervis\u00e3o de som. Mixagem de m\u00fasica. Est\u00fadios","publisher":{"@id":"https:\/\/fullmixestudios.com.br\/#organization"},"potentialAction":[{"@type":"SearchAction","target":{"@type":"EntryPoint","urlTemplate":"https:\/\/fullmixestudios.com.br\/?s={search_term_string}"},"query-input":"required name=search_term_string"}],"inLanguage":"es-ES"},{"@type":"Organization","@id":"https:\/\/fullmixestudios.com.br\/#organization","name":"Fullmix","url":"https:\/\/fullmixestudios.com.br\/","logo":{"@type":"ImageObject","inLanguage":"es-ES","@id":"https:\/\/fullmixestudios.com.br\/#\/schema\/logo\/image\/","url":"https:\/\/fullmixestudios.com.br\/app\/uploads\/2024\/01\/logo-fullmix-symbol.svg","contentUrl":"https:\/\/fullmixestudios.com.br\/app\/uploads\/2024\/01\/logo-fullmix-symbol.svg","caption":"Fullmix"},"image":{"@id":"https:\/\/fullmixestudios.com.br\/#\/schema\/logo\/image\/"}}]}},"acf":[],"_links":{"self":[{"href":"https:\/\/fullmixestudios.com.br\/es\/wp-json\/wp\/v2\/pages\/15"}],"collection":[{"href":"https:\/\/fullmixestudios.com.br\/es\/wp-json\/wp\/v2\/pages"}],"about":[{"href":"https:\/\/fullmixestudios.com.br\/es\/wp-json\/wp\/v2\/types\/page"}],"author":[{"embeddable":true,"href":"https:\/\/fullmixestudios.com.br\/es\/wp-json\/wp\/v2\/users\/1"}],"replies":[{"embeddable":true,"href":"https:\/\/fullmixestudios.com.br\/es\/wp-json\/wp\/v2\/comments?post=15"}],"version-history":[{"count":11,"href":"https:\/\/fullmixestudios.com.br\/es\/wp-json\/wp\/v2\/pages\/15\/revisions"}],"predecessor-version":[{"id":175,"href":"https:\/\/fullmixestudios.com.br\/es\/wp-json\/wp\/v2\/pages\/15\/revisions\/175"}],"wp:attachment":[{"href":"https:\/\/fullmixestudios.com.br\/es\/wp-json\/wp\/v2\/media?parent=15"}],"curies":[{"name":"wp","href":"https:\/\/api.w.org\/{rel}","templated":true}]}}