{"id":26,"date":"2024-01-15T15:55:11","date_gmt":"2024-01-15T18:55:11","guid":{"rendered":"https:\/\/fullmixestudios.com.br\/en\/?page_id=26"},"modified":"2024-08-19T08:57:26","modified_gmt":"2024-08-19T11:57:26","slug":"servicos","status":"publish","type":"page","link":"https:\/\/fullmixestudios.com.br\/en\/servicos\/","title":{"rendered":"Services"},"content":{"rendered":"\n<p><strong>Done is better than perfect?<\/strong><br>We offer a complete solution, regardless of the challenge. And we&#8217;re not just talking about budget; we&#8217;re talking about everything that goes into a perfect delivery. Without perfectionism.<br>What may seem like a paradox is what drives us: every project that goes through FullMix is treated with absolute dedication to be, as they used to say in Latin, <em>per fectus<\/em>: completely done.<\/p>\n\n\n\n<p><strong>However, don&#8217;t worry: we speak your language.<\/strong><br>We do everything to enhance the creations we are involved in, with absolute respect for the schedule and budget of each production, regardless of its size or location.<br>After all, meeting deadlines is not enough: it is essential to meet expectations.<br><strong>Everything to create a set of sounds in complete balance with your production.<\/strong><\/p>\n","protected":false},"excerpt":{"rendered":"<div class='media-object__quote_2 grey mt-15'><p>Done is better than perfect?We offer a complete solution, regardless of the challenge. And we&#8217;re not just talking about budget; we&#8217;re talking about everything that goes into a perfect delivery. Without perfectionism.What may seem like a paradox is what drives us: every project that goes through FullMix is treated with absolute dedication to be, as [&hellip;]<\/p>\n<\/div>","protected":false},"author":1,"featured_media":0,"parent":0,"menu_order":0,"comment_status":"closed","ping_status":"closed","template":"page-servicos.php","meta":{"footnotes":""},"yoast_head":"<!-- This site is optimized with the Yoast SEO plugin v21.8 - https:\/\/yoast.com\/wordpress\/plugins\/seo\/ -->\n<title>Services - Fullmix<\/title>\n<meta name=\"robots\" content=\"noindex, follow, max-snippet:-1, max-image-preview:large, max-video-preview:-1\" \/>\n<meta property=\"og:locale\" content=\"en_US\" \/>\n<meta property=\"og:locale:alternate\" content=\"pt_BR\" \/>\n<meta property=\"og:locale:alternate\" content=\"es_ES\" \/>\n<meta property=\"og:type\" content=\"article\" \/>\n<meta property=\"og:title\" content=\"Services\" \/>\n<meta property=\"og:description\" content=\"Done is better than perfect?We offer a complete solution, regardless of the challenge. And we&#8217;re not just talking about budget; we&#8217;re talking about everything that goes into a perfect delivery. Without perfectionism.What may seem like a paradox is what drives us: every project that goes through FullMix is treated with absolute dedication to be, as [&hellip;]\" \/>\n<meta property=\"og:url\" content=\"https:\/\/fullmixestudios.com.br\/en\/servicos\/\" \/>\n<meta property=\"og:site_name\" content=\"Fullmix\" \/>\n<meta property=\"article:modified_time\" content=\"2024-08-19T11:57:26+00:00\" \/>\n<meta name=\"twitter:card\" content=\"summary_large_image\" \/>\n<meta name=\"twitter:label1\" content=\"Est. reading time\" \/>\n\t<meta name=\"twitter:data1\" content=\"2 minutes\" \/>\n<script type=\"application\/ld+json\" class=\"yoast-schema-graph\">{\"@context\":\"https:\/\/schema.org\",\"@graph\":[{\"@type\":\"WebPage\",\"@id\":\"https:\/\/fullmixestudios.com.br\/pt\/servicos\/\",\"url\":\"https:\/\/fullmixestudios.com.br\/pt\/servicos\/\",\"name\":\"Services\",\"isPartOf\":{\"@id\":\"https:\/\/fullmixestudios.com.br\/#website\"},\"datePublished\":\"2024-01-15T18:55:11+00:00\",\"dateModified\":\"2024-08-19T11:57:26+00:00\",\"inLanguage\":\"en-US\",\"potentialAction\":[{\"@type\":\"ReadAction\",\"target\":[\"https:\/\/fullmixestudios.com.br\/pt\/servicos\/\"]}]},{\"@type\":\"WebSite\",\"@id\":\"https:\/\/fullmixestudios.com.br\/#website\",\"url\":\"https:\/\/fullmixestudios.com.br\/\",\"name\":\"Fullmix\",\"description\":\"Mixagem de filmes e s\u00e9ries. Supervis\u00e3o de som. Mixagem de m\u00fasica. Estrutura\",\"publisher\":{\"@id\":\"https:\/\/fullmixestudios.com.br\/#organization\"},\"potentialAction\":[{\"@type\":\"SearchAction\",\"target\":{\"@type\":\"EntryPoint\",\"urlTemplate\":\"https:\/\/fullmixestudios.com.br\/?s={search_term_string}\"},\"query-input\":\"required name=search_term_string\"}],\"inLanguage\":\"en-US\"},{\"@type\":\"Organization\",\"@id\":\"https:\/\/fullmixestudios.com.br\/#organization\",\"name\":\"Fullmix\",\"url\":\"https:\/\/fullmixestudios.com.br\/\",\"logo\":{\"@type\":\"ImageObject\",\"inLanguage\":\"en-US\",\"@id\":\"https:\/\/fullmixestudios.com.br\/#\/schema\/logo\/image\/\",\"url\":\"https:\/\/fullmixestudios.com.br\/app\/uploads\/2024\/01\/logo-fullmix-symbol.svg\",\"contentUrl\":\"https:\/\/fullmixestudios.com.br\/app\/uploads\/2024\/01\/logo-fullmix-symbol.svg\",\"caption\":\"Fullmix\"},\"image\":{\"@id\":\"https:\/\/fullmixestudios.com.br\/#\/schema\/logo\/image\/\"}}]}<\/script>\n<!-- \/ Yoast SEO plugin. -->","yoast_head_json":{"title":"Services - Fullmix","robots":{"index":"noindex","follow":"follow","max-snippet":"max-snippet:-1","max-image-preview":"max-image-preview:large","max-video-preview":"max-video-preview:-1"},"og_locale":"en_US","og_type":"article","og_title":"[:en]Services[:pt]Servi\u00e7os[:es]Servicios[:] - Fullmix","og_description":"Done is better than perfect?We offer a complete solution, regardless of the challenge. And we&#8217;re not just talking about budget; we&#8217;re talking about everything that goes into a perfect delivery. Without perfectionism.What may seem like a paradox is what drives us: every project that goes through FullMix is treated with absolute dedication to be, as [&hellip;]","og_url":"https:\/\/fullmixestudios.com.br\/en\/servicos\/","og_site_name":"Fullmix","article_modified_time":"2024-08-19T11:57:26+00:00","twitter_card":"summary_large_image","twitter_misc":{"Est. reading time":"2 minutes"},"schema":{"@context":"https:\/\/schema.org","@graph":[{"@type":"WebPage","@id":"https:\/\/fullmixestudios.com.br\/pt\/servicos\/","url":"https:\/\/fullmixestudios.com.br\/pt\/servicos\/","name":"Services","isPartOf":{"@id":"https:\/\/fullmixestudios.com.br\/#website"},"datePublished":"2024-01-15T18:55:11+00:00","dateModified":"2024-08-19T11:57:26+00:00","inLanguage":"en-US","potentialAction":[{"@type":"ReadAction","target":["https:\/\/fullmixestudios.com.br\/pt\/servicos\/"]}]},{"@type":"WebSite","@id":"https:\/\/fullmixestudios.com.br\/#website","url":"https:\/\/fullmixestudios.com.br\/","name":"Fullmix","description":"Mixagem de filmes e s\u00e9ries. Supervis\u00e3o de som. Mixagem de m\u00fasica. Estrutura","publisher":{"@id":"https:\/\/fullmixestudios.com.br\/#organization"},"potentialAction":[{"@type":"SearchAction","target":{"@type":"EntryPoint","urlTemplate":"https:\/\/fullmixestudios.com.br\/?s={search_term_string}"},"query-input":"required name=search_term_string"}],"inLanguage":"en-US"},{"@type":"Organization","@id":"https:\/\/fullmixestudios.com.br\/#organization","name":"Fullmix","url":"https:\/\/fullmixestudios.com.br\/","logo":{"@type":"ImageObject","inLanguage":"en-US","@id":"https:\/\/fullmixestudios.com.br\/#\/schema\/logo\/image\/","url":"https:\/\/fullmixestudios.com.br\/app\/uploads\/2024\/01\/logo-fullmix-symbol.svg","contentUrl":"https:\/\/fullmixestudios.com.br\/app\/uploads\/2024\/01\/logo-fullmix-symbol.svg","caption":"Fullmix"},"image":{"@id":"https:\/\/fullmixestudios.com.br\/#\/schema\/logo\/image\/"}}]}},"acf":[],"_links":{"self":[{"href":"https:\/\/fullmixestudios.com.br\/en\/wp-json\/wp\/v2\/pages\/26"}],"collection":[{"href":"https:\/\/fullmixestudios.com.br\/en\/wp-json\/wp\/v2\/pages"}],"about":[{"href":"https:\/\/fullmixestudios.com.br\/en\/wp-json\/wp\/v2\/types\/page"}],"author":[{"embeddable":true,"href":"https:\/\/fullmixestudios.com.br\/en\/wp-json\/wp\/v2\/users\/1"}],"replies":[{"embeddable":true,"href":"https:\/\/fullmixestudios.com.br\/en\/wp-json\/wp\/v2\/comments?post=26"}],"version-history":[{"count":9,"href":"https:\/\/fullmixestudios.com.br\/en\/wp-json\/wp\/v2\/pages\/26\/revisions"}],"predecessor-version":[{"id":138,"href":"https:\/\/fullmixestudios.com.br\/en\/wp-json\/wp\/v2\/pages\/26\/revisions\/138"}],"wp:attachment":[{"href":"https:\/\/fullmixestudios.com.br\/en\/wp-json\/wp\/v2\/media?parent=26"}],"curies":[{"name":"wp","href":"https:\/\/api.w.org\/{rel}","templated":true}]}}