{"id":15,"date":"2024-01-15T10:19:30","date_gmt":"2024-01-15T13:19:30","guid":{"rendered":"https:\/\/fullmixestudios.com.br\/?page_id=15"},"modified":"2024-08-20T10:05:23","modified_gmt":"2024-08-20T13:05:23","slug":"historia","status":"publish","type":"page","link":"https:\/\/fullmixestudios.com.br\/en\/historia\/","title":{"rendered":"History"},"content":{"rendered":"\n<p><strong>FullMix. The name says it all.<\/strong><br>More than a simple mix, it&#8217;s a complete experience, a total immersion in the universe of sound. It is the dedication of body and soul to the art of combining and transforming different elements into a unique, powerful and passionate work.<\/p>\n\n\n\n<p><strong>A history full of successes<\/strong><br>We have worked on over 100 feature films by renowned Brazilian directors, several acclaimed TV series, and mixed soundtracks for international productions.<br>FullMix was founded in 2012 by Armando Torres Jr., who began his career in 2001 and mixed a large part of his portfolio at \u00c1lamo Studios and Mega Studios.<br>There have been many achievements and several important awards \u2013 which we won&#8217;t list here, but which are worth mentioning for the recognition they have received \u2013 until it was time to take it even further.<\/p>\n\n\n\n<p><strong>A whole road ahead<\/strong><br>Since 2021, FullMix has been headquartered in its own independent building, with state-of-the-art studios and fully equipped to meet the most demanding markets, anywhere in the world, with the highest technical and artistic quality.<\/p>\n","protected":false},"excerpt":{"rendered":"<div class='media-object__quote_2 grey mt-15'><p>FullMix. The name says it all.More than a simple mix, it&#8217;s a complete experience, a total immersion in the universe of sound. It is the dedication of body and soul to the art of combining and transforming different elements into a unique, powerful and passionate work. A history full of successesWe have worked on over [&hellip;]<\/p>\n<\/div>","protected":false},"author":1,"featured_media":0,"parent":0,"menu_order":0,"comment_status":"closed","ping_status":"closed","template":"","meta":{"footnotes":""},"yoast_head":"<!-- This site is optimized with the Yoast SEO plugin v21.8 - https:\/\/yoast.com\/wordpress\/plugins\/seo\/ -->\n<title>History - Fullmix<\/title>\n<meta name=\"robots\" content=\"noindex, follow, max-snippet:-1, max-image-preview:large, max-video-preview:-1\" \/>\n<meta property=\"og:locale\" content=\"en_US\" \/>\n<meta property=\"og:locale:alternate\" content=\"pt_BR\" \/>\n<meta property=\"og:locale:alternate\" content=\"es_ES\" \/>\n<meta property=\"og:type\" content=\"article\" \/>\n<meta property=\"og:title\" content=\"History\" \/>\n<meta property=\"og:description\" content=\"FullMix. The name says it all.More than a simple mix, it&#8217;s a complete experience, a total immersion in the universe of sound. It is the dedication of body and soul to the art of combining and transforming different elements into a unique, powerful and passionate work. A history full of successesWe have worked on over [&hellip;]\" \/>\n<meta property=\"og:url\" content=\"https:\/\/fullmixestudios.com.br\/en\/historia\/\" \/>\n<meta property=\"og:site_name\" content=\"Fullmix\" \/>\n<meta property=\"article:modified_time\" content=\"2024-08-20T13:05:23+00:00\" \/>\n<meta name=\"twitter:card\" content=\"summary_large_image\" \/>\n<meta name=\"twitter:label1\" content=\"Est. reading time\" \/>\n\t<meta name=\"twitter:data1\" content=\"1 minute\" \/>\n<script type=\"application\/ld+json\" class=\"yoast-schema-graph\">{\"@context\":\"https:\/\/schema.org\",\"@graph\":[{\"@type\":\"WebPage\",\"@id\":\"https:\/\/fullmixestudios.com.br\/en\/historia\/\",\"url\":\"https:\/\/fullmixestudios.com.br\/en\/historia\/\",\"name\":\"History\",\"isPartOf\":{\"@id\":\"https:\/\/fullmixestudios.com.br\/#website\"},\"datePublished\":\"2024-01-15T13:19:30+00:00\",\"dateModified\":\"2024-08-20T13:05:23+00:00\",\"inLanguage\":\"en-US\",\"potentialAction\":[{\"@type\":\"ReadAction\",\"target\":[\"https:\/\/fullmixestudios.com.br\/en\/historia\/\"]}]},{\"@type\":\"WebSite\",\"@id\":\"https:\/\/fullmixestudios.com.br\/#website\",\"url\":\"https:\/\/fullmixestudios.com.br\/\",\"name\":\"Fullmix\",\"description\":\"Mixagem de filmes e s\u00e9ries. Supervis\u00e3o de som. Mixagem de m\u00fasica. Estrutura\",\"publisher\":{\"@id\":\"https:\/\/fullmixestudios.com.br\/#organization\"},\"potentialAction\":[{\"@type\":\"SearchAction\",\"target\":{\"@type\":\"EntryPoint\",\"urlTemplate\":\"https:\/\/fullmixestudios.com.br\/?s={search_term_string}\"},\"query-input\":\"required name=search_term_string\"}],\"inLanguage\":\"en-US\"},{\"@type\":\"Organization\",\"@id\":\"https:\/\/fullmixestudios.com.br\/#organization\",\"name\":\"Fullmix\",\"url\":\"https:\/\/fullmixestudios.com.br\/\",\"logo\":{\"@type\":\"ImageObject\",\"inLanguage\":\"en-US\",\"@id\":\"https:\/\/fullmixestudios.com.br\/#\/schema\/logo\/image\/\",\"url\":\"https:\/\/fullmixestudios.com.br\/app\/uploads\/2024\/01\/logo-fullmix-symbol.svg\",\"contentUrl\":\"https:\/\/fullmixestudios.com.br\/app\/uploads\/2024\/01\/logo-fullmix-symbol.svg\",\"caption\":\"Fullmix\"},\"image\":{\"@id\":\"https:\/\/fullmixestudios.com.br\/#\/schema\/logo\/image\/\"}}]}<\/script>\n<!-- \/ Yoast SEO plugin. -->","yoast_head_json":{"title":"History - Fullmix","robots":{"index":"noindex","follow":"follow","max-snippet":"max-snippet:-1","max-image-preview":"max-image-preview:large","max-video-preview":"max-video-preview:-1"},"og_locale":"en_US","og_type":"article","og_title":"[:en]History[:pt]Hist\u00f3ria[:es]Historia[:] - Fullmix","og_description":"FullMix. The name says it all.More than a simple mix, it&#8217;s a complete experience, a total immersion in the universe of sound. It is the dedication of body and soul to the art of combining and transforming different elements into a unique, powerful and passionate work. A history full of successesWe have worked on over [&hellip;]","og_url":"https:\/\/fullmixestudios.com.br\/en\/historia\/","og_site_name":"Fullmix","article_modified_time":"2024-08-20T13:05:23+00:00","twitter_card":"summary_large_image","twitter_misc":{"Est. reading time":"1 minute"},"schema":{"@context":"https:\/\/schema.org","@graph":[{"@type":"WebPage","@id":"https:\/\/fullmixestudios.com.br\/en\/historia\/","url":"https:\/\/fullmixestudios.com.br\/en\/historia\/","name":"History","isPartOf":{"@id":"https:\/\/fullmixestudios.com.br\/#website"},"datePublished":"2024-01-15T13:19:30+00:00","dateModified":"2024-08-20T13:05:23+00:00","inLanguage":"en-US","potentialAction":[{"@type":"ReadAction","target":["https:\/\/fullmixestudios.com.br\/en\/historia\/"]}]},{"@type":"WebSite","@id":"https:\/\/fullmixestudios.com.br\/#website","url":"https:\/\/fullmixestudios.com.br\/","name":"Fullmix","description":"Mixagem de filmes e s\u00e9ries. Supervis\u00e3o de som. Mixagem de m\u00fasica. Estrutura","publisher":{"@id":"https:\/\/fullmixestudios.com.br\/#organization"},"potentialAction":[{"@type":"SearchAction","target":{"@type":"EntryPoint","urlTemplate":"https:\/\/fullmixestudios.com.br\/?s={search_term_string}"},"query-input":"required name=search_term_string"}],"inLanguage":"en-US"},{"@type":"Organization","@id":"https:\/\/fullmixestudios.com.br\/#organization","name":"Fullmix","url":"https:\/\/fullmixestudios.com.br\/","logo":{"@type":"ImageObject","inLanguage":"en-US","@id":"https:\/\/fullmixestudios.com.br\/#\/schema\/logo\/image\/","url":"https:\/\/fullmixestudios.com.br\/app\/uploads\/2024\/01\/logo-fullmix-symbol.svg","contentUrl":"https:\/\/fullmixestudios.com.br\/app\/uploads\/2024\/01\/logo-fullmix-symbol.svg","caption":"Fullmix"},"image":{"@id":"https:\/\/fullmixestudios.com.br\/#\/schema\/logo\/image\/"}}]}},"acf":[],"_links":{"self":[{"href":"https:\/\/fullmixestudios.com.br\/en\/wp-json\/wp\/v2\/pages\/15"}],"collection":[{"href":"https:\/\/fullmixestudios.com.br\/en\/wp-json\/wp\/v2\/pages"}],"about":[{"href":"https:\/\/fullmixestudios.com.br\/en\/wp-json\/wp\/v2\/types\/page"}],"author":[{"embeddable":true,"href":"https:\/\/fullmixestudios.com.br\/en\/wp-json\/wp\/v2\/users\/1"}],"replies":[{"embeddable":true,"href":"https:\/\/fullmixestudios.com.br\/en\/wp-json\/wp\/v2\/comments?post=15"}],"version-history":[{"count":11,"href":"https:\/\/fullmixestudios.com.br\/en\/wp-json\/wp\/v2\/pages\/15\/revisions"}],"predecessor-version":[{"id":175,"href":"https:\/\/fullmixestudios.com.br\/en\/wp-json\/wp\/v2\/pages\/15\/revisions\/175"}],"wp:attachment":[{"href":"https:\/\/fullmixestudios.com.br\/en\/wp-json\/wp\/v2\/media?parent=15"}],"curies":[{"name":"wp","href":"https:\/\/api.w.org\/{rel}","templated":true}]}}